{"id":1859,"date":"2018-03-27T10:02:48","date_gmt":"2018-03-27T08:02:48","guid":{"rendered":"https:\/\/www.leggendafestival.it\/edizione2021\/\/?page_id=1859"},"modified":"2021-04-20T11:38:05","modified_gmt":"2021-04-20T09:38:05","slug":"festival","status":"publish","type":"page","link":"https:\/\/www.leggendafestival.it\/edizione2021\/festival\/","title":{"rendered":"Festival"},"content":{"rendered":"\t\t<div data-elementor-type=\"wp-page\" data-elementor-id=\"1859\" class=\"elementor elementor-1859\">\n\t\t\t\t\t\t\t\t\t<section class=\"elementor-section elementor-top-section elementor-element elementor-element-0132dd9 elementor-section-height-min-height elementor-section-items-top elementor-section-boxed elementor-section-height-default\" data-id=\"0132dd9\" data-element_type=\"section\" data-settings=\"{&quot;background_background&quot;:&quot;classic&quot;,&quot;jet_parallax_layout_list&quot;:[]}\">\n\t\t\t\t\t\t<div class=\"elementor-container elementor-column-gap-default\">\n\t\t\t\t\t<div class=\"elementor-column elementor-col-100 elementor-top-column elementor-element elementor-element-bc26d6d\" data-id=\"bc26d6d\" data-element_type=\"column\">\n\t\t\t<div class=\"elementor-widget-wrap\">\n\t\t\t\t\t\t\t\t\t<\/div>\n\t\t<\/div>\n\t\t\t\t\t\t\t<\/div>\n\t\t<\/section>\n\t\t\t\t<section class=\"elementor-section elementor-top-section elementor-element elementor-element-1fe2275b elementor-section-boxed elementor-section-height-default elementor-section-height-default\" data-id=\"1fe2275b\" data-element_type=\"section\" data-settings=\"{&quot;background_background&quot;:&quot;classic&quot;,&quot;jet_parallax_layout_list&quot;:[]}\">\n\t\t\t\t\t\t<div class=\"elementor-container elementor-column-gap-default\">\n\t\t\t\t\t<div class=\"elementor-column elementor-col-100 elementor-top-column elementor-element elementor-element-4091856\" data-id=\"4091856\" data-element_type=\"column\">\n\t\t\t<div class=\"elementor-widget-wrap elementor-element-populated\">\n\t\t\t\t\t\t\t\t<div class=\"elementor-element elementor-element-ac04232 elementor-widget elementor-widget-spacer\" data-id=\"ac04232\" data-element_type=\"widget\" data-widget_type=\"spacer.default\">\n\t\t\t\t<div class=\"elementor-widget-container\">\n\t\t\t\t\t<div class=\"elementor-spacer\">\n\t\t\t<div class=\"elementor-spacer-inner\"><\/div>\n\t\t<\/div>\n\t\t\t\t<\/div>\n\t\t\t\t<\/div>\n\t\t\t\t<div class=\"elementor-element elementor-element-37bfda3 elementor-widget__width-auto elementor-widget elementor-widget-heading\" data-id=\"37bfda3\" data-element_type=\"widget\" data-widget_type=\"heading.default\">\n\t\t\t\t<div class=\"elementor-widget-container\">\n\t\t\t<h2 class=\"elementor-heading-title elementor-size-default\">IL FESTIVAL<\/h2>\t\t<\/div>\n\t\t\t\t<\/div>\n\t\t\t\t<div class=\"elementor-element elementor-element-e1450aa elementor-widget elementor-widget-spacer\" data-id=\"e1450aa\" data-element_type=\"widget\" data-widget_type=\"spacer.default\">\n\t\t\t\t<div class=\"elementor-widget-container\">\n\t\t\t\t\t<div class=\"elementor-spacer\">\n\t\t\t<div class=\"elementor-spacer-inner\"><\/div>\n\t\t<\/div>\n\t\t\t\t<\/div>\n\t\t\t\t<\/div>\n\t\t\t\t<div class=\"elementor-element elementor-element-4fff461 elementor-widget elementor-widget-text-editor\" data-id=\"4fff461\" data-element_type=\"widget\" data-widget_type=\"text-editor.default\">\n\t\t\t\t<div class=\"elementor-widget-container\">\n\t\t\t\t\t\t\t<h3><span style=\"color: var( --e-global-color-text ); letter-spacing: 0px;\">Benvenuti a Leggenda<\/span><\/h3><p>Torna Leggenda, festival della lettura e dell\u2019ascolto organizzato dal Comune di Empoli, che si terr\u00e0 da gioved\u00ec 6 a domenica 9 maggio 2021. La novit\u00e0 di questa edizione \u00e8 che <strong>tutti gli eventi saranno fruibili esclusivamente in modalit\u00e0 online<\/strong>.<\/p><p>\u00abIl nostro amato festival della lettura torna ancora pi\u00f9 ricco e coinvolgente. L\u2019annullamento dell\u2019edizione 2020, gi\u00e0 tutta organizzata e pronta a partire \u2013 <strong>spiega il sindaco di Empoli Brenda Barnini <\/strong>\u2013 \u00e8 stato uno dei grandi dispiaceri dello scorso anno. Non potevamo fare altrimenti in piena pandemia, ma gi\u00e0 in quei giorni abbiamo iniziato a pensare all\u2019edizione futura. <br \/>Ringrazio tutti coloro che si impegnano in questa grande manifestazione. Operatori culturali, insegnanti e gli stessi bambini e ragazzi che negli anni sono riusciti a far riconoscere a Empoli il titolo di \u2018Citt\u00e0 che legge\u2019. <strong>Una delle nostre missioni \u00e8 garantire l\u2019accesso ai libri e alla lettura, promuovere la lettura fra i pi\u00f9 piccoli<\/strong>. Leggenda rappresenta il compendio di tutto questo\u00bb.<\/p><p>Leggenda rappresenta infatti la sintesi del sistema di educazione e formazione alla lettura e all\u2019ascolto, che parte dalle esperienze consolidate portate avanti nei Servizi Educativi per l\u2019Infanzia e nelle diverse realt\u00e0 scolastiche, passando per le innumerevoli iniziative di promozione della lettura organizzate e promosse dalla Biblioteca comunale.<\/p><p>A conferma del buon lavoro fatto fino ad oggi, nel 2018 e poi nel 2020 Empoli \u00e8 stata nominata \u201c<strong>Citt\u00e0 che legge<\/strong>\u201d, qualifica assegnata da Il Centro per il libro e la lettura, d\u2019intesa con l\u2019Associazione Nazionale Comuni Italiani, alle amministrazioni comunali impegnate a svolgere con continuit\u00e0 sul proprio territorio politiche pubbliche di promozione della lettura.<\/p><p>Leggenda, anche in questa nuova edizione online, \u00e8 e rimane <strong>teatro d&#8217;incontro fra scrittori, artisti, educatori, librai e lettori-ascoltatori<\/strong>, per promuovere la lettura, fino dalla pi\u00f9 tenera et\u00e0, come indispensabile tecnologia &#8220;fantastica&#8221; per sognare mondi possibili, promuovere l&#8217;ascolto come attitudine all&#8217;incontro con l&#8217;altro e l&#8217;altrove e consolidare la formazione degli insegnanti e degli educatori con percorsi innovativi, laboratori e incontri con esperti.<\/p><p>Leggenda, sia come laboratorio permanente artistico ed educativo, sia come Festival prioritariamente rivolto alle nuove generazioni (0-14 anni), vuole essere\u00a0<strong>un grande ed appassionato invito ad un ascolto multisensoriale dei libri, all\u2019esplorazione delle loro storie<\/strong>\u00a0che ci permettono magicamente di viaggiare nel tempo e nello spazio fino ben oltre i confini della nostra immaginazione.<br \/>Un invito, perch\u00e9 come ci ricorda Gianni Rodari\u2026 il verbo leggere non sopporta l\u2019imperativo.<\/p><p><strong>Comune di Empoli<\/strong><\/p><p><strong>con la biblioteca comunale \u2018Renato Fucini\u2019<\/strong>\u00a0come capofila della Rete documentaria REA.net<\/p><p><strong>Compagnia teatrale Giallo Mare\u00a0Minimal\u00a0Teatro\u00a0<\/strong>formazione e direzione artistica spettacoli<\/p><p><strong>Centro Studi \u201cBruno\u00a0Ciari\u201d<\/strong>\u00a0formazione<\/p><p><strong>PromoCultura<\/strong>\u00a0formazione e supporto alla logistica<\/p><p><strong>Libreria Rinascita\u00a0<\/strong>Viruslibro e attivit\u00e0 di promozione<\/p><p><strong>Libreria\u00a0Cuentame\u00a0e Libreria San Paolo\u00a0<\/strong>attivit\u00e0 di promozione.<\/p>\t\t\t\t\t\t<\/div>\n\t\t\t\t<\/div>\n\t\t\t\t\t<\/div>\n\t\t<\/div>\n\t\t\t\t\t\t\t<\/div>\n\t\t<\/section>\n\t\t\t\t\t\t\t<\/div>\n\t\t","protected":false},"excerpt":{"rendered":"<p>IL FESTIVAL Benvenuti a Leggenda Torna Leggenda, festival della lettura e dell\u2019ascolto organizzato dal Comune di Empoli, che si terr\u00e0 da gioved\u00ec 6 a domenica 9 maggio 2021. La novit\u00e0 di questa edizione \u00e8 che tutti gli eventi saranno fruibili esclusivamente in modalit\u00e0 online. \u00abIl nostro amato festival della lettura torna ancora pi\u00f9 ricco e [&hellip;]<\/p>\n","protected":false},"author":3,"featured_media":0,"parent":0,"menu_order":0,"comment_status":"closed","ping_status":"closed","template":"","meta":[],"_links":{"self":[{"href":"https:\/\/www.leggendafestival.it\/edizione2021\/wp-json\/wp\/v2\/pages\/1859"}],"collection":[{"href":"https:\/\/www.leggendafestival.it\/edizione2021\/wp-json\/wp\/v2\/pages"}],"about":[{"href":"https:\/\/www.leggendafestival.it\/edizione2021\/wp-json\/wp\/v2\/types\/page"}],"author":[{"embeddable":true,"href":"https:\/\/www.leggendafestival.it\/edizione2021\/wp-json\/wp\/v2\/users\/3"}],"replies":[{"embeddable":true,"href":"https:\/\/www.leggendafestival.it\/edizione2021\/wp-json\/wp\/v2\/comments?post=1859"}],"version-history":[{"count":0,"href":"https:\/\/www.leggendafestival.it\/edizione2021\/wp-json\/wp\/v2\/pages\/1859\/revisions"}],"wp:attachment":[{"href":"https:\/\/www.leggendafestival.it\/edizione2021\/wp-json\/wp\/v2\/media?parent=1859"}],"curies":[{"name":"wp","href":"https:\/\/api.w.org\/{rel}","templated":true}]}}