{"id":1859,"date":"2018-03-27T10:02:48","date_gmt":"2018-03-27T08:02:48","guid":{"rendered":"https:\/\/www.leggendafestival.it\/edizione2023\/\/?page_id=1859"},"modified":"2023-03-24T10:42:19","modified_gmt":"2023-03-24T09:42:19","slug":"festival","status":"publish","type":"page","link":"https:\/\/www.leggendafestival.it\/edizione2023\/festival\/","title":{"rendered":"Festival"},"content":{"rendered":"\t\t<div data-elementor-type=\"wp-page\" data-elementor-id=\"1859\" class=\"elementor elementor-1859\" data-elementor-post-type=\"page\">\n\t\t\t\t\t\t\t\t\t<section class=\"elementor-section elementor-top-section elementor-element elementor-element-147be72 elementor-section-height-min-height elementor-section-stretched elementor-section-boxed elementor-section-height-default elementor-section-items-middle\" data-id=\"147be72\" data-element_type=\"section\" data-settings=\"{&quot;background_background&quot;:&quot;classic&quot;,&quot;shape_divider_bottom&quot;:&quot;curve-asymmetrical&quot;,&quot;shape_divider_bottom_negative&quot;:&quot;yes&quot;,&quot;stretch_section&quot;:&quot;section-stretched&quot;}\">\n\t\t\t\t\t\t\t<div class=\"elementor-background-overlay\"><\/div>\n\t\t\t\t\t\t<div class=\"elementor-shape elementor-shape-bottom\" data-negative=\"true\">\n\t\t\t<svg xmlns=\"http:\/\/www.w3.org\/2000\/svg\" viewBox=\"0 0 1000 100\" preserveAspectRatio=\"none\">\n\t<path class=\"elementor-shape-fill\" d=\"M615.2,96.7C240.2,97.8,0,18.9,0,0v100h1000V0C1000,19.2,989.8,96,615.2,96.7z\"\/>\n<\/svg>\t\t<\/div>\n\t\t\t\t\t<div class=\"elementor-container elementor-column-gap-default\">\n\t\t\t\t\t<div class=\"elementor-column elementor-col-100 elementor-top-column elementor-element elementor-element-7dc5e081\" data-id=\"7dc5e081\" data-element_type=\"column\">\n\t\t\t<div class=\"elementor-widget-wrap elementor-element-populated\">\n\t\t\t\t\t\t\t\t<div class=\"elementor-element elementor-element-593725f3 elementor-widget elementor-widget-heading\" data-id=\"593725f3\" data-element_type=\"widget\" data-widget_type=\"heading.default\">\n\t\t\t\t<div class=\"elementor-widget-container\">\n\t\t\t<h2 class=\"elementor-heading-title elementor-size-default\">Festival<\/h2>\t\t<\/div>\n\t\t\t\t<\/div>\n\t\t\t\t<div class=\"elementor-element elementor-element-35eb7460 elementor-widget elementor-widget-text-editor\" data-id=\"35eb7460\" data-element_type=\"widget\" data-widget_type=\"text-editor.default\">\n\t\t\t\t<div class=\"elementor-widget-container\">\n\t\t\t\t\t\t\t<p>Home \/ Festival<\/p>\t\t\t\t\t\t<\/div>\n\t\t\t\t<\/div>\n\t\t\t\t\t<\/div>\n\t\t<\/div>\n\t\t\t\t\t\t\t<\/div>\n\t\t<\/section>\n\t\t\t\t<section class=\"elementor-section elementor-top-section elementor-element elementor-element-3665a0b2 elementor-section-stretched elementor-section-boxed elementor-section-height-default elementor-section-height-default\" data-id=\"3665a0b2\" data-element_type=\"section\" data-settings=\"{&quot;background_background&quot;:&quot;classic&quot;,&quot;stretch_section&quot;:&quot;section-stretched&quot;}\">\n\t\t\t\t\t\t\t<div class=\"elementor-background-overlay\"><\/div>\n\t\t\t\t\t\t\t<div class=\"elementor-container elementor-column-gap-default\">\n\t\t\t\t\t<div class=\"elementor-column elementor-col-100 elementor-top-column elementor-element elementor-element-38c277e3\" data-id=\"38c277e3\" data-element_type=\"column\">\n\t\t\t<div class=\"elementor-widget-wrap elementor-element-populated\">\n\t\t\t\t\t\t\t\t<div class=\"elementor-element elementor-element-1a4d66a0 elementor-widget elementor-widget-heading\" data-id=\"1a4d66a0\" data-element_type=\"widget\" data-widget_type=\"heading.default\">\n\t\t\t\t<div class=\"elementor-widget-container\">\n\t\t\t<h2 class=\"elementor-heading-title elementor-size-default\">Benvenuti a Leggenda<\/h2>\t\t<\/div>\n\t\t\t\t<\/div>\n\t\t\t\t<div class=\"elementor-element elementor-element-19417023 elementor-widget elementor-widget-spacer\" data-id=\"19417023\" data-element_type=\"widget\" data-widget_type=\"spacer.default\">\n\t\t\t\t<div class=\"elementor-widget-container\">\n\t\t\t\t\t<div class=\"elementor-spacer\">\n\t\t\t<div class=\"elementor-spacer-inner\"><\/div>\n\t\t<\/div>\n\t\t\t\t<\/div>\n\t\t\t\t<\/div>\n\t\t\t\t<div class=\"elementor-element elementor-element-7e75eb22 elementor-widget elementor-widget-text-editor\" data-id=\"7e75eb22\" data-element_type=\"widget\" data-widget_type=\"text-editor.default\">\n\t\t\t\t<div class=\"elementor-widget-container\">\n\t\t\t\t\t\t\t<p>Un&#8217;edizione di nuovo totalmente in presenza. Un&#8217;edizione che, c&#8217;\u00e8 da scommetterci, regaler\u00e0 emozioni e spunti di approfondimento per appassionati di lettura di ogni et\u00e0 ma anche per chi, curioso, si avviciner\u00e0 per la prima volta all&#8217;iniziativa empolese. Leggenda, festival della lettura e dell\u2019ascolto organizzato dal Comune di Empoli, torner\u00e0 con un carico di libri e autori, di laboratori e di incontri, <b>da gioved\u00ec 11 a domenica 14 maggio 2023<\/b>.<\/p><p>La sesta edizione del festival aprir\u00e0 le porte ad alunni e studenti e a un pubblico di ogni et\u00e0, con l&#8217;obiettivo di regalare giornate e serate da vivere insieme nel segno della cultura e dell&#8217;incontro. In particolare, <b>sono oltre cento le classi <\/b>delle scuole dell&#8217;infanzia, primarie e secondarie di primo grado che hanno aderito a questa edizione di Leggenda e che incontreranno autrici e autori in orario scolastico durante i giorni del Festival.<\/p><p>Educazione e formazione alla lettura e all\u2019ascolto sono ingredienti fondamentali di Leggenda, forte anche del bagaglio di esperienze portate avanti all&#8217;interno dei Servizi Educativi per l\u2019Infanzia e delle diverse realt\u00e0 scolastiche del territorio, senza dimenticare le innumerevoli iniziative di promozione della lettura organizzate e promosse dalla Biblioteca comunale Renato Fucini. <br \/>Un terreno fertile grazie al quale dal 2018 Empoli riceve la nomina di \u201cCitt\u00e0 che legge\u201c, qualifica assegnata da Il Centro per il libro e la lettura, d\u2019intesa con l\u2019Associazione Nazionale Comuni Italiani, alle amministrazioni comunali impegnate a svolgere con continuit\u00e0 sul proprio territorio politiche pubbliche di promozione della lettura.<\/p><p><b>Tutti gli eventi in programma<\/b> nei pomeriggi di gioved\u00ec e venerd\u00ec e nel fine settimana <b>saranno, come tradizione, gratuiti e si svolgeranno<\/b> nei luoghi caratteristici del festival oltre che in alcune nuove location tutte da scoprire.<\/p>\t\t\t\t\t\t<\/div>\n\t\t\t\t<\/div>\n\t\t\t\t<section class=\"elementor-section elementor-inner-section elementor-element elementor-element-bbad9ae elementor-section-content-middle elementor-section-boxed elementor-section-height-default elementor-section-height-default\" data-id=\"bbad9ae\" data-element_type=\"section\">\n\t\t\t\t\t\t<div class=\"elementor-container elementor-column-gap-default\">\n\t\t\t\t\t<div class=\"elementor-column elementor-col-50 elementor-inner-column elementor-element elementor-element-9a1c6c7\" data-id=\"9a1c6c7\" data-element_type=\"column\">\n\t\t\t<div class=\"elementor-widget-wrap elementor-element-populated\">\n\t\t\t\t\t\t\t\t<div class=\"elementor-element elementor-element-c6c2f45 elementor-widget-tablet__width-initial elementor-widget elementor-widget-image\" data-id=\"c6c2f45\" data-element_type=\"widget\" data-widget_type=\"image.default\">\n\t\t\t\t<div class=\"elementor-widget-container\">\n\t\t\t\t\t\t\t\t\t\t\t\t\t\t\t<img fetchpriority=\"high\" decoding=\"async\" width=\"518\" height=\"425\" src=\"https:\/\/www.leggendafestival.it\/edizione2023\/wp-content\/uploads\/2023\/03\/LeggendaBambina-2023.png\" class=\"attachment-full size-full wp-image-57825\" alt=\"\" srcset=\"https:\/\/www.leggendafestival.it\/edizione2023\/wp-content\/uploads\/2023\/03\/LeggendaBambina-2023.png 518w, https:\/\/www.leggendafestival.it\/edizione2023\/wp-content\/uploads\/2023\/03\/LeggendaBambina-2023-300x246.png 300w\" sizes=\"(max-width: 518px) 100vw, 518px\" \/>\t\t\t\t\t\t\t\t\t\t\t\t\t\t\t<\/div>\n\t\t\t\t<\/div>\n\t\t\t\t\t<\/div>\n\t\t<\/div>\n\t\t\t\t<div class=\"elementor-column elementor-col-50 elementor-inner-column elementor-element elementor-element-65dfe5d\" data-id=\"65dfe5d\" data-element_type=\"column\">\n\t\t\t<div class=\"elementor-widget-wrap elementor-element-populated\">\n\t\t\t\t\t\t\t\t<div class=\"elementor-element elementor-element-8e61ba1 elementor-widget elementor-widget-text-editor\" data-id=\"8e61ba1\" data-element_type=\"widget\" data-widget_type=\"text-editor.default\">\n\t\t\t\t<div class=\"elementor-widget-container\">\n\t\t\t\t\t\t\t<p><em>&#8220;Prendere tempo per incontrare qualcuno, che sia un autore o che sia il personaggio di una storia, \u00e8 una buona abitudine da coltivare o da scoprire, a tutte le et\u00e0. E il nostro amato festival vuole insegnarci questo &#8211; sottolinea la sindaca di Empoli, Brenda Barnini &#8211; Leggenda ci fa toccare con mano l&#8217;importanza della lettura e dell&#8217;ascolto attraverso momenti differenti per contenuti e destinatari. Momenti caratterizzati da linguaggi come quello della fiaba per i pi\u00f9 piccoli, fatto di immagini e colori, o da altri registri che hanno la capacit\u00e0 di dialogare con ragazze e ragazzi. Ognuno ha la possibilit\u00e0 di vivere spettacoli, laboratori, incontri con autori o ancora di partecipare alla mostra mercato del libro. Piccoli e giovani lettori e, con loro, insegnanti e famiglie, potranno fare nuove esperienze grazie a un progetto di respiro nazionale. Un progetto cresciuto anno dopo anno con il contributo di un pubblico vivace e attento e grazie all&#8217;impegno di tutti coloro che contribuiscono a scrivere ogni edizione con passione e competenza. Si tratta di un percorso del quale l&#8217;amministrazione comunale \u00e8 particolarmente orgogliosa anche perch\u00e9 ha contribuito a far s\u00ec che Empoli ottenesse il titolo di \u2018Citt\u00e0 che legge\u2019: \u00e8 molto pi\u00f9 di un semplice riconoscimento, significa giorno dopo giorno lavorare per garantire a tutti l&#8217;accesso alla cultura, fatta di libri e di esperienze&#8221;.<\/em><\/p>\t\t\t\t\t\t<\/div>\n\t\t\t\t<\/div>\n\t\t\t\t\t<\/div>\n\t\t<\/div>\n\t\t\t\t\t\t\t<\/div>\n\t\t<\/section>\n\t\t\t\t<div class=\"elementor-element elementor-element-0778b09 elementor-widget elementor-widget-text-editor\" data-id=\"0778b09\" data-element_type=\"widget\" data-widget_type=\"text-editor.default\">\n\t\t\t\t<div class=\"elementor-widget-container\">\n\t\t\t\t\t\t\t<p>Non resta dunque che attendere l&#8217;inizio di maggio per calarsi di nuovo nell&#8217;atmosfera di Leggenda. L&#8217;invito a non mancare \u00e8 rivolto a tutti, a chi gi\u00e0 conosce la manifestazione e a chi invece per la prima volta ha la possibilit\u00e0 di sfogliare il grande libro del festival dell&#8217;ascolto e della lettura, dove ogni pagina \u00e8 una finestra su personaggi, avventure e mondi da esplorare con la fantasia e l&#8217;immaginazione.<\/p><p><b>Leggenda \u00e8 e rimane teatro d\u2019incontro fra scrittori, artisti, educatori, librai e lettori-ascoltatori<\/b>, per promuovere la lettura, fino dalla pi\u00f9 tenera et\u00e0, come indispensabile tecnologia \u201cfantastica\u201d per sognare mondi possibili, promuovere l\u2019ascolto come attitudine all\u2019incontro con l\u2019altro e l\u2019altrove e consolidare la formazione degli insegnanti e degli educatori con percorsi innovativi, laboratori e incontri con esperti.<\/p><p>Leggenda, sia come laboratorio permanente artistico ed educativo, sia come Festival prioritariamente rivolto alle nuove generazioni (0-14 anni), vuole essere <b>un grande ed appassionato invito ad un ascolto multisensoriale dei libri, all\u2019esplorazione delle loro storie<\/b> che ci permettono magicamente di viaggiare nel tempo e nello spazio fino ben oltre i confini della nostra immaginazione.<br \/>Un invito, perch\u00e9 come ci ricorda Gianni Rodari\u2026 il verbo leggere non sopporta l\u2019imperativo.<\/p>\t\t\t\t\t\t<\/div>\n\t\t\t\t<\/div>\n\t\t\t\t\t<\/div>\n\t\t<\/div>\n\t\t\t\t\t\t\t<\/div>\n\t\t<\/section>\n\t\t\t\t\t\t\t<\/div>\n\t\t","protected":false},"excerpt":{"rendered":"<p>Festival Home \/ Festival Benvenuti a Leggenda Un&#8217;edizione di nuovo totalmente in presenza. Un&#8217;edizione che, c&#8217;\u00e8 da scommetterci, regaler\u00e0 emozioni e spunti di approfondimento per appassionati di lettura di ogni et\u00e0 ma anche per chi, curioso, si avviciner\u00e0 per la prima volta all&#8217;iniziativa empolese. Leggenda, festival della lettura e dell\u2019ascolto organizzato dal Comune di Empoli, [&hellip;]<\/p>\n","protected":false},"author":4,"featured_media":0,"parent":0,"menu_order":0,"comment_status":"closed","ping_status":"closed","template":"","meta":{"footnotes":""},"_links":{"self":[{"href":"https:\/\/www.leggendafestival.it\/edizione2023\/wp-json\/wp\/v2\/pages\/1859"}],"collection":[{"href":"https:\/\/www.leggendafestival.it\/edizione2023\/wp-json\/wp\/v2\/pages"}],"about":[{"href":"https:\/\/www.leggendafestival.it\/edizione2023\/wp-json\/wp\/v2\/types\/page"}],"author":[{"embeddable":true,"href":"https:\/\/www.leggendafestival.it\/edizione2023\/wp-json\/wp\/v2\/users\/4"}],"replies":[{"embeddable":true,"href":"https:\/\/www.leggendafestival.it\/edizione2023\/wp-json\/wp\/v2\/comments?post=1859"}],"version-history":[{"count":30,"href":"https:\/\/www.leggendafestival.it\/edizione2023\/wp-json\/wp\/v2\/pages\/1859\/revisions"}],"predecessor-version":[{"id":58818,"href":"https:\/\/www.leggendafestival.it\/edizione2023\/wp-json\/wp\/v2\/pages\/1859\/revisions\/58818"}],"wp:attachment":[{"href":"https:\/\/www.leggendafestival.it\/edizione2023\/wp-json\/wp\/v2\/media?parent=1859"}],"curies":[{"name":"wp","href":"https:\/\/api.w.org\/{rel}","templated":true}]}}