{"id":58118,"date":"2023-03-06T14:50:34","date_gmt":"2023-03-06T13:50:34","guid":{"rendered":"http:\/\/areadraft.it\/leggenda\/?page_id=58118"},"modified":"2023-03-24T10:02:46","modified_gmt":"2023-03-24T09:02:46","slug":"news","status":"publish","type":"page","link":"https:\/\/www.leggendafestival.it\/edizione2023\/news\/","title":{"rendered":"News"},"content":{"rendered":"\t\t<div data-elementor-type=\"wp-page\" data-elementor-id=\"58118\" class=\"elementor elementor-58118\" data-elementor-post-type=\"page\">\n\t\t\t\t\t\t\t\t\t<section class=\"elementor-section elementor-top-section elementor-element elementor-element-7b6d1f6 elementor-section-height-min-height elementor-section-stretched elementor-section-boxed elementor-section-height-default elementor-section-items-middle\" data-id=\"7b6d1f6\" data-element_type=\"section\" data-settings=\"{&quot;background_background&quot;:&quot;classic&quot;,&quot;shape_divider_bottom&quot;:&quot;curve-asymmetrical&quot;,&quot;shape_divider_bottom_negative&quot;:&quot;yes&quot;,&quot;stretch_section&quot;:&quot;section-stretched&quot;}\">\n\t\t\t\t\t\t\t<div class=\"elementor-background-overlay\"><\/div>\n\t\t\t\t\t\t<div class=\"elementor-shape elementor-shape-bottom\" data-negative=\"true\">\n\t\t\t<svg xmlns=\"http:\/\/www.w3.org\/2000\/svg\" viewBox=\"0 0 1000 100\" preserveAspectRatio=\"none\">\n\t<path class=\"elementor-shape-fill\" d=\"M615.2,96.7C240.2,97.8,0,18.9,0,0v100h1000V0C1000,19.2,989.8,96,615.2,96.7z\"\/>\n<\/svg>\t\t<\/div>\n\t\t\t\t\t<div class=\"elementor-container elementor-column-gap-default\">\n\t\t\t\t\t<div class=\"elementor-column elementor-col-100 elementor-top-column elementor-element elementor-element-90833cf\" data-id=\"90833cf\" data-element_type=\"column\">\n\t\t\t<div class=\"elementor-widget-wrap elementor-element-populated\">\n\t\t\t\t\t\t\t\t<div class=\"elementor-element elementor-element-790abb2 elementor-widget elementor-widget-heading\" data-id=\"790abb2\" data-element_type=\"widget\" data-widget_type=\"heading.default\">\n\t\t\t\t<div class=\"elementor-widget-container\">\n\t\t\t<h2 class=\"elementor-heading-title elementor-size-default\">News<\/h2>\t\t<\/div>\n\t\t\t\t<\/div>\n\t\t\t\t<div class=\"elementor-element elementor-element-9bc7dee elementor-widget elementor-widget-text-editor\" data-id=\"9bc7dee\" data-element_type=\"widget\" data-widget_type=\"text-editor.default\">\n\t\t\t\t<div class=\"elementor-widget-container\">\n\t\t\t\t\t\t\t<p>Home \/ News<\/p>\t\t\t\t\t\t<\/div>\n\t\t\t\t<\/div>\n\t\t\t\t\t<\/div>\n\t\t<\/div>\n\t\t\t\t\t\t\t<\/div>\n\t\t<\/section>\n\t\t\t\t<section class=\"elementor-section elementor-top-section elementor-element elementor-element-12beb14 elementor-section-stretched elementor-section-boxed elementor-section-height-default elementor-section-height-default\" data-id=\"12beb14\" data-element_type=\"section\" data-settings=\"{&quot;background_background&quot;:&quot;classic&quot;,&quot;stretch_section&quot;:&quot;section-stretched&quot;}\">\n\t\t\t\t\t\t\t<div class=\"elementor-background-overlay\"><\/div>\n\t\t\t\t\t\t\t<div class=\"elementor-container elementor-column-gap-default\">\n\t\t\t\t\t<div class=\"elementor-column elementor-col-100 elementor-top-column elementor-element elementor-element-4d7ffce\" data-id=\"4d7ffce\" data-element_type=\"column\">\n\t\t\t<div class=\"elementor-widget-wrap elementor-element-populated\">\n\t\t\t\t\t\t\t\t<div class=\"elementor-element elementor-element-3562acd elementor-invisible elementor-widget elementor-widget-heading\" data-id=\"3562acd\" data-element_type=\"widget\" data-settings=\"{&quot;_animation&quot;:&quot;fadeInLeft&quot;}\" data-widget_type=\"heading.default\">\n\t\t\t\t<div class=\"elementor-widget-container\">\n\t\t\t<h2 class=\"elementor-heading-title elementor-size-default\">News, informazioni, novit\u00e0 e aggiornamenti<\/h2>\t\t<\/div>\n\t\t\t\t<\/div>\n\t\t\t\t<div class=\"elementor-element elementor-element-78c8660 elementor-widget__width-initial elementor-invisible elementor-widget elementor-widget-text-editor\" data-id=\"78c8660\" data-element_type=\"widget\" data-settings=\"{&quot;_animation&quot;:&quot;fadeInRight&quot;}\" data-widget_type=\"text-editor.default\">\n\t\t\t\t<div class=\"elementor-widget-container\">\n\t\t\t\t\t\t\t<div>Cosa dicono di noi? Aggiornamenti, novit\u00e0 e rassegna stampa dedicata a Leggenda Festival!<\/div>\t\t\t\t\t\t<\/div>\n\t\t\t\t<\/div>\n\t\t\t\t<div class=\"elementor-element elementor-element-13288cb elementor-widget elementor-widget-spacer\" data-id=\"13288cb\" data-element_type=\"widget\" data-widget_type=\"spacer.default\">\n\t\t\t\t<div class=\"elementor-widget-container\">\n\t\t\t\t\t<div class=\"elementor-spacer\">\n\t\t\t<div class=\"elementor-spacer-inner\"><\/div>\n\t\t<\/div>\n\t\t\t\t<\/div>\n\t\t\t\t<\/div>\n\t\t\t\t<div class=\"elementor-element elementor-element-223b6af elementor-grid-3 elementor-grid-tablet-2 elementor-grid-mobile-1 elementor-posts--thumbnail-top elementor-widget elementor-widget-posts\" data-id=\"223b6af\" data-element_type=\"widget\" data-settings=\"{&quot;classic_columns&quot;:&quot;3&quot;,&quot;classic_columns_tablet&quot;:&quot;2&quot;,&quot;classic_columns_mobile&quot;:&quot;1&quot;,&quot;classic_row_gap&quot;:{&quot;unit&quot;:&quot;px&quot;,&quot;size&quot;:35,&quot;sizes&quot;:[]},&quot;classic_row_gap_tablet&quot;:{&quot;unit&quot;:&quot;px&quot;,&quot;size&quot;:&quot;&quot;,&quot;sizes&quot;:[]},&quot;classic_row_gap_mobile&quot;:{&quot;unit&quot;:&quot;px&quot;,&quot;size&quot;:&quot;&quot;,&quot;sizes&quot;:[]}}\" data-widget_type=\"posts.classic\">\n\t\t\t\t<div class=\"elementor-widget-container\">\n\t\t\t\t\t<div class=\"elementor-posts-container elementor-posts elementor-posts--skin-classic elementor-grid\">\n\t\t\t\t<article class=\"elementor-post elementor-grid-item post-59797 post type-post status-publish format-standard has-post-thumbnail hentry category-senza-categoria\">\n\t\t\t\t<a class=\"elementor-post__thumbnail__link\" href=\"https:\/\/www.leggendafestival.it\/edizione2023\/oltre-13mila-partecipanti-tutti-i-numeri-di-leggenda-2023\/\" tabindex=\"-1\" >\n\t\t\t<div class=\"elementor-post__thumbnail\"><img fetchpriority=\"high\" decoding=\"async\" width=\"1024\" height=\"682\" src=\"https:\/\/www.leggendafestival.it\/edizione2023\/wp-content\/uploads\/2023\/05\/leggenda-festival03.jpg\" class=\"attachment-full size-full wp-image-59805\" alt=\"\" srcset=\"https:\/\/www.leggendafestival.it\/edizione2023\/wp-content\/uploads\/2023\/05\/leggenda-festival03.jpg 1024w, https:\/\/www.leggendafestival.it\/edizione2023\/wp-content\/uploads\/2023\/05\/leggenda-festival03-300x200.jpg 300w, https:\/\/www.leggendafestival.it\/edizione2023\/wp-content\/uploads\/2023\/05\/leggenda-festival03-768x512.jpg 768w, https:\/\/www.leggendafestival.it\/edizione2023\/wp-content\/uploads\/2023\/05\/leggenda-festival03-600x400.jpg 600w\" sizes=\"(max-width: 1024px) 100vw, 1024px\" \/><\/div>\n\t\t<\/a>\n\t\t\t\t<div class=\"elementor-post__text\">\n\t\t\t\t<h3 class=\"elementor-post__title\">\n\t\t\t<a href=\"https:\/\/www.leggendafestival.it\/edizione2023\/oltre-13mila-partecipanti-tutti-i-numeri-di-leggenda-2023\/\" >\n\t\t\t\tOltre 13mila partecipanti: tutti i numeri di &#8220;Leggenda 2023&#8221;\t\t\t<\/a>\n\t\t<\/h3>\n\t\t\t\t<div class=\"elementor-post__excerpt\">\n\t\t\t<p>La sesta edizione ha promosso 97 fra incontri e spettacoli, coinvolgendo una settantina fra autori e compagnie teatrali. La sindaca Barnini: &#8220;Questo successo \u00e8 il<\/p>\n\t\t<\/div>\n\t\t\n\t\t<a class=\"elementor-post__read-more\" href=\"https:\/\/www.leggendafestival.it\/edizione2023\/oltre-13mila-partecipanti-tutti-i-numeri-di-leggenda-2023\/\" aria-label=\"Read more about Oltre 13mila partecipanti: tutti i numeri di &#8220;Leggenda 2023&#8221;\" tabindex=\"-1\" >\n\t\t\tLeggi Tutto \u00bb\t\t<\/a>\n\n\t\t\t\t<\/div>\n\t\t\t\t<\/article>\n\t\t\t\t<article class=\"elementor-post elementor-grid-item post-59780 post type-post status-publish format-standard has-post-thumbnail hentry category-senza-categoria\">\n\t\t\t\t<a class=\"elementor-post__thumbnail__link\" href=\"https:\/\/www.leggendafestival.it\/edizione2023\/taglio-del-nastro-per-leggenda-la-sindaca-barnini-e-lappuntamento-culturale-piu-importante-della-nostra-citta\/\" tabindex=\"-1\" >\n\t\t\t<div class=\"elementor-post__thumbnail\"><img decoding=\"async\" width=\"1024\" height=\"682\" src=\"https:\/\/www.leggendafestival.it\/edizione2023\/wp-content\/uploads\/2023\/05\/leggendabarnini1.jpg\" class=\"attachment-full size-full wp-image-59784\" alt=\"\" srcset=\"https:\/\/www.leggendafestival.it\/edizione2023\/wp-content\/uploads\/2023\/05\/leggendabarnini1.jpg 1024w, https:\/\/www.leggendafestival.it\/edizione2023\/wp-content\/uploads\/2023\/05\/leggendabarnini1-300x200.jpg 300w, https:\/\/www.leggendafestival.it\/edizione2023\/wp-content\/uploads\/2023\/05\/leggendabarnini1-768x512.jpg 768w, https:\/\/www.leggendafestival.it\/edizione2023\/wp-content\/uploads\/2023\/05\/leggendabarnini1-600x400.jpg 600w\" sizes=\"(max-width: 1024px) 100vw, 1024px\" \/><\/div>\n\t\t<\/a>\n\t\t\t\t<div class=\"elementor-post__text\">\n\t\t\t\t<h3 class=\"elementor-post__title\">\n\t\t\t<a href=\"https:\/\/www.leggendafestival.it\/edizione2023\/taglio-del-nastro-per-leggenda-la-sindaca-barnini-e-lappuntamento-culturale-piu-importante-della-nostra-citta\/\" >\n\t\t\t\tTaglio del nastro per &#8220;Leggenda&#8221;. La sindaca Barnini: \u00abE&#8217; l\u2019appuntamento culturale pi\u00f9 importante della nostra citt\u00e0\u00bb\t\t\t<\/a>\n\t\t<\/h3>\n\t\t\t\t<div class=\"elementor-post__excerpt\">\n\t\t\t<p>Oltre centoventi classi coinvolte, decine di eventi per famiglie e adulti: fino a&nbsp;domenica&nbsp;14 maggio 2023, Empoli \u00e8 capitale della lettura e dell&#8217;ascolto EMPOLI \u2013 Cultura,<\/p>\n\t\t<\/div>\n\t\t\n\t\t<a class=\"elementor-post__read-more\" href=\"https:\/\/www.leggendafestival.it\/edizione2023\/taglio-del-nastro-per-leggenda-la-sindaca-barnini-e-lappuntamento-culturale-piu-importante-della-nostra-citta\/\" aria-label=\"Read more about Taglio del nastro per &#8220;Leggenda&#8221;. La sindaca Barnini: \u00abE&#8217; l\u2019appuntamento culturale pi\u00f9 importante della nostra citt\u00e0\u00bb\" tabindex=\"-1\" >\n\t\t\tLeggi Tutto \u00bb\t\t<\/a>\n\n\t\t\t\t<\/div>\n\t\t\t\t<\/article>\n\t\t\t\t<article class=\"elementor-post elementor-grid-item post-59775 post type-post status-publish format-standard has-post-thumbnail hentry category-senza-categoria\">\n\t\t\t\t<a class=\"elementor-post__thumbnail__link\" href=\"https:\/\/www.leggendafestival.it\/edizione2023\/leggenda-ci-siamo-oltre-centoventi-classi-in-attesa-dei-loro-autori\/\" tabindex=\"-1\" >\n\t\t\t<div class=\"elementor-post__thumbnail\"><img decoding=\"async\" width=\"2500\" height=\"2500\" src=\"https:\/\/www.leggendafestival.it\/edizione2023\/wp-content\/uploads\/2023\/05\/Post_Programma_Adulti.jpg\" class=\"attachment-full size-full wp-image-59778\" alt=\"\" srcset=\"https:\/\/www.leggendafestival.it\/edizione2023\/wp-content\/uploads\/2023\/05\/Post_Programma_Adulti.jpg 2500w, https:\/\/www.leggendafestival.it\/edizione2023\/wp-content\/uploads\/2023\/05\/Post_Programma_Adulti-300x300.jpg 300w, https:\/\/www.leggendafestival.it\/edizione2023\/wp-content\/uploads\/2023\/05\/Post_Programma_Adulti-1024x1024.jpg 1024w, https:\/\/www.leggendafestival.it\/edizione2023\/wp-content\/uploads\/2023\/05\/Post_Programma_Adulti-150x150.jpg 150w, https:\/\/www.leggendafestival.it\/edizione2023\/wp-content\/uploads\/2023\/05\/Post_Programma_Adulti-768x768.jpg 768w, https:\/\/www.leggendafestival.it\/edizione2023\/wp-content\/uploads\/2023\/05\/Post_Programma_Adulti-1536x1536.jpg 1536w, https:\/\/www.leggendafestival.it\/edizione2023\/wp-content\/uploads\/2023\/05\/Post_Programma_Adulti-2048x2048.jpg 2048w, https:\/\/www.leggendafestival.it\/edizione2023\/wp-content\/uploads\/2023\/05\/Post_Programma_Adulti-230x230.jpg 230w, https:\/\/www.leggendafestival.it\/edizione2023\/wp-content\/uploads\/2023\/05\/Post_Programma_Adulti-400x400.jpg 400w, https:\/\/www.leggendafestival.it\/edizione2023\/wp-content\/uploads\/2023\/05\/Post_Programma_Adulti-600x600.jpg 600w, https:\/\/www.leggendafestival.it\/edizione2023\/wp-content\/uploads\/2023\/05\/Post_Programma_Adulti-640x640.jpg 640w\" sizes=\"(max-width: 2500px) 100vw, 2500px\" \/><\/div>\n\t\t<\/a>\n\t\t\t\t<div class=\"elementor-post__text\">\n\t\t\t\t<h3 class=\"elementor-post__title\">\n\t\t\t<a href=\"https:\/\/www.leggendafestival.it\/edizione2023\/leggenda-ci-siamo-oltre-centoventi-classi-in-attesa-dei-loro-autori\/\" >\n\t\t\t\t&#8220;Leggenda&#8221;, ci siamo: oltre centoventi classi in attesa dei loro autori\t\t\t<\/a>\n\t\t<\/h3>\n\t\t\t\t<div class=\"elementor-post__excerpt\">\n\t\t\t<p>Tutto pronto per l&#8217;edizione 2023 del festival della lettura e dell&#8217;ascolto. Si comincia con &#8216;Anteprima&#8217; e si prosegue con eventi per tutti fino al 14<\/p>\n\t\t<\/div>\n\t\t\n\t\t<a class=\"elementor-post__read-more\" href=\"https:\/\/www.leggendafestival.it\/edizione2023\/leggenda-ci-siamo-oltre-centoventi-classi-in-attesa-dei-loro-autori\/\" aria-label=\"Read more about &#8220;Leggenda&#8221;, ci siamo: oltre centoventi classi in attesa dei loro autori\" tabindex=\"-1\" >\n\t\t\tLeggi Tutto \u00bb\t\t<\/a>\n\n\t\t\t\t<\/div>\n\t\t\t\t<\/article>\n\t\t\t\t<article class=\"elementor-post elementor-grid-item post-59772 post type-post status-publish format-standard has-post-thumbnail hentry category-senza-categoria\">\n\t\t\t\t<a class=\"elementor-post__thumbnail__link\" href=\"https:\/\/www.leggendafestival.it\/edizione2023\/accessibilita-inclusivita-e-alta-leggibilita-anche-questo-e-leggenda-festival\/\" tabindex=\"-1\" >\n\t\t\t<div class=\"elementor-post__thumbnail\"><img loading=\"lazy\" decoding=\"async\" width=\"2500\" height=\"2500\" src=\"https:\/\/www.leggendafestival.it\/edizione2023\/wp-content\/uploads\/2023\/05\/Post_Leggenda-Accessibile.jpg\" class=\"attachment-full size-full wp-image-59773\" alt=\"\" srcset=\"https:\/\/www.leggendafestival.it\/edizione2023\/wp-content\/uploads\/2023\/05\/Post_Leggenda-Accessibile.jpg 2500w, https:\/\/www.leggendafestival.it\/edizione2023\/wp-content\/uploads\/2023\/05\/Post_Leggenda-Accessibile-300x300.jpg 300w, https:\/\/www.leggendafestival.it\/edizione2023\/wp-content\/uploads\/2023\/05\/Post_Leggenda-Accessibile-1024x1024.jpg 1024w, https:\/\/www.leggendafestival.it\/edizione2023\/wp-content\/uploads\/2023\/05\/Post_Leggenda-Accessibile-150x150.jpg 150w, https:\/\/www.leggendafestival.it\/edizione2023\/wp-content\/uploads\/2023\/05\/Post_Leggenda-Accessibile-768x768.jpg 768w, https:\/\/www.leggendafestival.it\/edizione2023\/wp-content\/uploads\/2023\/05\/Post_Leggenda-Accessibile-1536x1536.jpg 1536w, https:\/\/www.leggendafestival.it\/edizione2023\/wp-content\/uploads\/2023\/05\/Post_Leggenda-Accessibile-2048x2048.jpg 2048w, https:\/\/www.leggendafestival.it\/edizione2023\/wp-content\/uploads\/2023\/05\/Post_Leggenda-Accessibile-230x230.jpg 230w, https:\/\/www.leggendafestival.it\/edizione2023\/wp-content\/uploads\/2023\/05\/Post_Leggenda-Accessibile-400x400.jpg 400w, https:\/\/www.leggendafestival.it\/edizione2023\/wp-content\/uploads\/2023\/05\/Post_Leggenda-Accessibile-600x600.jpg 600w, https:\/\/www.leggendafestival.it\/edizione2023\/wp-content\/uploads\/2023\/05\/Post_Leggenda-Accessibile-640x640.jpg 640w\" sizes=\"(max-width: 2500px) 100vw, 2500px\" \/><\/div>\n\t\t<\/a>\n\t\t\t\t<div class=\"elementor-post__text\">\n\t\t\t\t<h3 class=\"elementor-post__title\">\n\t\t\t<a href=\"https:\/\/www.leggendafestival.it\/edizione2023\/accessibilita-inclusivita-e-alta-leggibilita-anche-questo-e-leggenda-festival\/\" >\n\t\t\t\tAccessibilit\u00e0, inclusivit\u00e0 e alta leggibilit\u00e0: anche questo \u00e8 \u2018Leggenda festival\u2019\t\t\t<\/a>\n\t\t<\/h3>\n\t\t\t\t<div class=\"elementor-post__excerpt\">\n\t\t\t<p>Per la prima volta nella storia del festival verranno ospitati incontri e narrazioni in LIS. Il programma EMPOLI \u2013 Accessibilit\u00e0, inclusivit\u00e0 e alta leggibilit\u00e0: anche<\/p>\n\t\t<\/div>\n\t\t\n\t\t<a class=\"elementor-post__read-more\" href=\"https:\/\/www.leggendafestival.it\/edizione2023\/accessibilita-inclusivita-e-alta-leggibilita-anche-questo-e-leggenda-festival\/\" aria-label=\"Read more about Accessibilit\u00e0, inclusivit\u00e0 e alta leggibilit\u00e0: anche questo \u00e8 \u2018Leggenda festival\u2019\" tabindex=\"-1\" >\n\t\t\tLeggi Tutto \u00bb\t\t<\/a>\n\n\t\t\t\t<\/div>\n\t\t\t\t<\/article>\n\t\t\t\t<article class=\"elementor-post elementor-grid-item post-59769 post type-post status-publish format-standard has-post-thumbnail hentry category-senza-categoria\">\n\t\t\t\t<a class=\"elementor-post__thumbnail__link\" href=\"https:\/\/www.leggendafestival.it\/edizione2023\/leggenda-festival-parla-proprio-a-tutti-dai-piccoli-de-il-nido-dei-nidi-ai-grandi-ragazzi-leggendari\/\" tabindex=\"-1\" >\n\t\t\t<div class=\"elementor-post__thumbnail\"><img loading=\"lazy\" decoding=\"async\" width=\"480\" height=\"251\" src=\"https:\/\/www.leggendafestival.it\/edizione2023\/wp-content\/uploads\/2023\/04\/img_aspettando-leggenda.png\" class=\"attachment-full size-full wp-image-58961\" alt=\"\" srcset=\"https:\/\/www.leggendafestival.it\/edizione2023\/wp-content\/uploads\/2023\/04\/img_aspettando-leggenda.png 480w, https:\/\/www.leggendafestival.it\/edizione2023\/wp-content\/uploads\/2023\/04\/img_aspettando-leggenda-300x157.png 300w\" sizes=\"(max-width: 480px) 100vw, 480px\" \/><\/div>\n\t\t<\/a>\n\t\t\t\t<div class=\"elementor-post__text\">\n\t\t\t\t<h3 class=\"elementor-post__title\">\n\t\t\t<a href=\"https:\/\/www.leggendafestival.it\/edizione2023\/leggenda-festival-parla-proprio-a-tutti-dai-piccoli-de-il-nido-dei-nidi-ai-grandi-ragazzi-leggendari\/\" >\n\t\t\t\t\u201cLeggenda festival\u201d parla proprio a tutti: dai piccoli de \u2018Il Nido dei Nidi\u2019 ai grandi \u2018Ragazzi leggendari\u2019\t\t\t<\/a>\n\t\t<\/h3>\n\t\t\t\t<div class=\"elementor-post__excerpt\">\n\t\t\t<p>Grande entusiasmo e partecipazione per questa sesta edizione che sta per cominciare dall&#8217;11 al 14 maggio 2023 EMPOLI \u2013 Tutto pronto per il festival della<\/p>\n\t\t<\/div>\n\t\t\n\t\t<a class=\"elementor-post__read-more\" href=\"https:\/\/www.leggendafestival.it\/edizione2023\/leggenda-festival-parla-proprio-a-tutti-dai-piccoli-de-il-nido-dei-nidi-ai-grandi-ragazzi-leggendari\/\" aria-label=\"Read more about \u201cLeggenda festival\u201d parla proprio a tutti: dai piccoli de \u2018Il Nido dei Nidi\u2019 ai grandi \u2018Ragazzi leggendari\u2019\" tabindex=\"-1\" >\n\t\t\tLeggi Tutto \u00bb\t\t<\/a>\n\n\t\t\t\t<\/div>\n\t\t\t\t<\/article>\n\t\t\t\t<article class=\"elementor-post elementor-grid-item post-59647 post type-post status-publish format-standard has-post-thumbnail hentry category-senza-categoria\">\n\t\t\t\t<a class=\"elementor-post__thumbnail__link\" href=\"https:\/\/www.leggendafestival.it\/edizione2023\/empoli-leggenda-festival-il-programma-e-online-piu-di-novanta-appuntamenti-per-tutti\/\" tabindex=\"-1\" >\n\t\t\t<div class=\"elementor-post__thumbnail\"><img loading=\"lazy\" decoding=\"async\" width=\"756\" height=\"1080\" src=\"https:\/\/www.leggendafestival.it\/edizione2023\/wp-content\/uploads\/2023\/04\/WEB_2023-Comune_Empoli_Leggenda_100x70_page-0001-1.jpg\" class=\"attachment-full size-full wp-image-59489\" alt=\"\" srcset=\"https:\/\/www.leggendafestival.it\/edizione2023\/wp-content\/uploads\/2023\/04\/WEB_2023-Comune_Empoli_Leggenda_100x70_page-0001-1.jpg 756w, https:\/\/www.leggendafestival.it\/edizione2023\/wp-content\/uploads\/2023\/04\/WEB_2023-Comune_Empoli_Leggenda_100x70_page-0001-1-210x300.jpg 210w, https:\/\/www.leggendafestival.it\/edizione2023\/wp-content\/uploads\/2023\/04\/WEB_2023-Comune_Empoli_Leggenda_100x70_page-0001-1-717x1024.jpg 717w, https:\/\/www.leggendafestival.it\/edizione2023\/wp-content\/uploads\/2023\/04\/WEB_2023-Comune_Empoli_Leggenda_100x70_page-0001-1-600x857.jpg 600w\" sizes=\"(max-width: 756px) 100vw, 756px\" \/><\/div>\n\t\t<\/a>\n\t\t\t\t<div class=\"elementor-post__text\">\n\t\t\t\t<h3 class=\"elementor-post__title\">\n\t\t\t<a href=\"https:\/\/www.leggendafestival.it\/edizione2023\/empoli-leggenda-festival-il-programma-e-online-piu-di-novanta-appuntamenti-per-tutti\/\" >\n\t\t\t\tEMPOLI. Leggenda Festival, il programma \u00e8 online: pi\u00f9 di novanta appuntamenti per tutti\t\t\t<\/a>\n\t\t<\/h3>\n\t\t\t\t<div class=\"elementor-post__excerpt\">\n\t\t\t<p>Leggenda Festival, il programma \u00e8 online: pi\u00f9 di novanta appuntamenti per tutti L&#8217;edizione 2023, con nuove location e un&#8217;attenzione particolare all&#8217;ambiente, \u00e8 in programma dall&#8217;11<\/p>\n\t\t<\/div>\n\t\t\n\t\t<a class=\"elementor-post__read-more\" href=\"https:\/\/www.leggendafestival.it\/edizione2023\/empoli-leggenda-festival-il-programma-e-online-piu-di-novanta-appuntamenti-per-tutti\/\" aria-label=\"Read more about EMPOLI. Leggenda Festival, il programma \u00e8 online: pi\u00f9 di novanta appuntamenti per tutti\" tabindex=\"-1\" >\n\t\t\tLeggi Tutto \u00bb\t\t<\/a>\n\n\t\t\t\t<\/div>\n\t\t\t\t<\/article>\n\t\t\t\t<\/div>\n\t\t\n\t\t\t\t<\/div>\n\t\t\t\t<\/div>\n\t\t\t\t\t<\/div>\n\t\t<\/div>\n\t\t\t\t\t\t\t<\/div>\n\t\t<\/section>\n\t\t\t\t\t\t\t<\/div>\n\t\t","protected":false},"excerpt":{"rendered":"<p>News Home \/ News News, informazioni, novit\u00e0 e aggiornamenti Cosa dicono di noi? Aggiornamenti, novit\u00e0 e rassegna stampa dedicata a Leggenda Festival!<\/p>\n","protected":false},"author":5,"featured_media":0,"parent":0,"menu_order":0,"comment_status":"closed","ping_status":"closed","template":"","meta":{"footnotes":""},"_links":{"self":[{"href":"https:\/\/www.leggendafestival.it\/edizione2023\/wp-json\/wp\/v2\/pages\/58118"}],"collection":[{"href":"https:\/\/www.leggendafestival.it\/edizione2023\/wp-json\/wp\/v2\/pages"}],"about":[{"href":"https:\/\/www.leggendafestival.it\/edizione2023\/wp-json\/wp\/v2\/types\/page"}],"author":[{"embeddable":true,"href":"https:\/\/www.leggendafestival.it\/edizione2023\/wp-json\/wp\/v2\/users\/5"}],"replies":[{"embeddable":true,"href":"https:\/\/www.leggendafestival.it\/edizione2023\/wp-json\/wp\/v2\/comments?post=58118"}],"version-history":[{"count":25,"href":"https:\/\/www.leggendafestival.it\/edizione2023\/wp-json\/wp\/v2\/pages\/58118\/revisions"}],"predecessor-version":[{"id":58736,"href":"https:\/\/www.leggendafestival.it\/edizione2023\/wp-json\/wp\/v2\/pages\/58118\/revisions\/58736"}],"wp:attachment":[{"href":"https:\/\/www.leggendafestival.it\/edizione2023\/wp-json\/wp\/v2\/media?parent=58118"}],"curies":[{"name":"wp","href":"https:\/\/api.w.org\/{rel}","templated":true}]}}